{"id":29,"date":"2026-04-21T10:22:17","date_gmt":"2026-04-21T10:22:17","guid":{"rendered":"http:\/\/mrextil.digital\/?page_id=29"},"modified":"2026-04-21T10:22:21","modified_gmt":"2026-04-21T10:22:21","slug":"impressum","status":"publish","type":"page","link":"https:\/\/mrextil.digital\/?page_id=29","title":{"rendered":"Impressum"},"content":{"rendered":"\n<h2 class=\"wp-block-heading\">Anbieterkennzeichnung gem\u00e4\u00df Digitale Dienste Gesetz<\/h2>\n\n\n\n<p>Der Inhalt dieser Webpr\u00e4senz wird von Birgit Neff verantwortet. Als Inhaberin von mrextil leitet sie den operativen Betrieb und die technische Planung. Unser Hauptsitz befindet sich in der KGA Eigenheim 50, 10367 Berlin. Wir sind ein eigenst\u00e4ndiges Fachunternehmen f\u00fcr energetische Geb\u00e4udesanierung. F\u00fcr administrative Anliegen oder rechtliche Hinweise nutzen Sie bitte die E-Mail Adresse help@mrextil.digital.<\/p>\n\n\n\n<p>Wir legen gro\u00dfen Wert auf die Richtigkeit der technischen Angaben auf unserer Seite. Birgit Neff pr\u00fcft alle Inhalte regelm\u00e4\u00dfig auf \u00dcbereinstimmung mit den aktuellen Normen der Bautechnik. Wir sind in der Handwerksrolle Berlin eingetragen und erf\u00fcllen alle gesetzlichen Voraussetzungen f\u00fcr die Ausf\u00fchrung von W\u00e4rmeverbundsystemen.<\/p>\n\n\n\n<figure class=\"wp-block-table\"><table class=\"has-fixed-layout\"><thead><tr><td><strong>Angabe<\/strong><\/td><td><strong>Information<\/strong><\/td><\/tr><\/thead><tbody><tr><td>Name der Verantwortlichen<\/td><td>Birgit Neff<\/td><\/tr><tr><td>Firmenbezeichnung<\/td><td>mrextil<\/td><\/tr><tr><td>Postanschrift<\/td><td>KGA Eigenheim 50, 10367 Berlin<\/td><\/tr><tr><td>Kontaktm\u00f6glichkeit<\/td><td>help@mrextil.digital<\/td><\/tr><tr><td>Zust\u00e4ndige Kammer<\/td><td>Handwerkskammer Berlin<\/td><\/tr><\/tbody><\/table><\/figure>\n\n\n\n<h2 class=\"wp-block-heading\">Urheberrechtliche Hinweise<\/h2>\n\n\n\n<p>S\u00e4mtliche Texte: Berechnungsbeispiele und Tabellen auf mrextil unterliegen dem Urheberrecht. Eine Vervielf\u00e4ltigung oder Verwendung in anderen digitalen oder gedruckten Publikationen ist ohne ausdr\u00fcckliche Genehmigung von Birgit Neff nicht gestattet. Wir weisen darauf hin: dass Verst\u00f6\u00dfe gegen das Urheberrecht zivil und strafrechtlich verfolgt werden k\u00f6nnen. Die Marke mrextil steht f\u00fcr individuelle Ingenieursleistung: die wir gegen Plagiate sch\u00fctzen.<\/p>\n","protected":false},"excerpt":{"rendered":"<p>Anbieterkennzeichnung gem\u00e4\u00df Digitale Dienste Gesetz Der Inhalt dieser Webpr\u00e4senz wird von Birgit Neff verantwortet. Als Inhaberin von mrextil leitet sie den operativen Betrieb und die technische Planung. Unser Hauptsitz befindet sich in der KGA Eigenheim 50, 10367 Berlin. Wir sind ein eigenst\u00e4ndiges Fachunternehmen f\u00fcr energetische Geb\u00e4udesanierung. F\u00fcr administrative Anliegen oder rechtliche Hinweise nutzen Sie bitte [&hellip;]<\/p>\n","protected":false},"author":1,"featured_media":0,"parent":0,"menu_order":6,"comment_status":"closed","ping_status":"closed","template":"","meta":{"footnotes":""},"class_list":["post-29","page","type-page","status-publish","hentry"],"_links":{"self":[{"href":"https:\/\/mrextil.digital\/index.php?rest_route=\/wp\/v2\/pages\/29","targetHints":{"allow":["GET"]}}],"collection":[{"href":"https:\/\/mrextil.digital\/index.php?rest_route=\/wp\/v2\/pages"}],"about":[{"href":"https:\/\/mrextil.digital\/index.php?rest_route=\/wp\/v2\/types\/page"}],"author":[{"embeddable":true,"href":"https:\/\/mrextil.digital\/index.php?rest_route=\/wp\/v2\/users\/1"}],"replies":[{"embeddable":true,"href":"https:\/\/mrextil.digital\/index.php?rest_route=%2Fwp%2Fv2%2Fcomments&post=29"}],"version-history":[{"count":1,"href":"https:\/\/mrextil.digital\/index.php?rest_route=\/wp\/v2\/pages\/29\/revisions"}],"predecessor-version":[{"id":30,"href":"https:\/\/mrextil.digital\/index.php?rest_route=\/wp\/v2\/pages\/29\/revisions\/30"}],"wp:attachment":[{"href":"https:\/\/mrextil.digital\/index.php?rest_route=%2Fwp%2Fv2%2Fmedia&parent=29"}],"curies":[{"name":"wp","href":"https:\/\/api.w.org\/{rel}","templated":true}]}}